{"id":2703,"date":"2024-05-15T12:57:27","date_gmt":"2024-05-15T10:57:27","guid":{"rendered":"https:\/\/dev.boards-beans.com\/?post_type=product&#038;p=2703"},"modified":"2025-08-18T15:01:59","modified_gmt":"2025-08-18T13:01:59","slug":"planche-a-servir-ronde-o-30-cm-n","status":"publish","type":"product","link":"https:\/\/dev.boards-beans.com\/fr\/produit\/planche-a-servir-ronde-o-30-cm-n\/","title":{"rendered":"Planche \u00e0 servir ronde \u00d8 30 cm"},"content":{"rendered":"<p>Cette planche \u00e0 servir en bois a des dimensions de 38 x 30 cm, ce qui la rend id\u00e9ale pour toutes les occasions. Elle est fabriqu\u00e9e en bois de h\u00eatre de premi\u00e8re qualit\u00e9 et le rev\u00eatement \u00e0 l\u2019huile rehausse sa beaut\u00e9 naturelle, pour un minimum d\u2019entretien.  <\/p>\n","protected":false},"excerpt":{"rendered":"<p>Cette planche \u00e0 servir en bois a des dimensions de 38 x 30 cm, ce qui la rend id\u00e9ale pour toutes les occasions. Elle est fabriqu\u00e9e en bois de h\u00eatre de premi\u00e8re qualit\u00e9 et le rev\u00eatement \u00e0 l\u2019huile rehausse sa beaut\u00e9 naturelle, pour un minimum d\u2019entretien.<\/p>\n","protected":false},"featured_media":3272,"template":"","meta":{"_uag_custom_page_level_css":"","site-sidebar-layout":"default","site-content-layout":"default","ast-site-content-layout":"default","site-content-style":"default","site-sidebar-style":"default","ast-global-header-display":"","ast-banner-title-visibility":"","ast-main-header-display":"","ast-hfb-above-header-display":"","ast-hfb-below-header-display":"","ast-hfb-mobile-header-display":"","site-post-title":"","ast-breadcrumbs-content":"","ast-featured-img":"","footer-sml-layout":"","theme-transparent-header-meta":"default","adv-header-id-meta":"","stick-header-meta":"","header-above-stick-meta":"","header-main-stick-meta":"","header-below-stick-meta":"","astra-migrate-meta-layouts":"set","ast-page-background-enabled":"default","ast-page-background-meta":{"desktop":{"background-color":"var(--ast-global-color-4)","background-image":"","background-repeat":"repeat","background-position":"center center","background-size":"auto","background-attachment":"scroll","background-type":"","background-media":"","overlay-type":"","overlay-color":"","overlay-opacity":"","overlay-gradient":""},"tablet":{"background-color":"","background-image":"","background-repeat":"repeat","background-position":"center center","background-size":"auto","background-attachment":"scroll","background-type":"","background-media":"","overlay-type":"","overlay-color":"","overlay-opacity":"","overlay-gradient":""},"mobile":{"background-color":"","background-image":"","background-repeat":"repeat","background-position":"center center","background-size":"auto","background-attachment":"scroll","background-type":"","background-media":"","overlay-type":"","overlay-color":"","overlay-opacity":"","overlay-gradient":""}},"ast-content-background-meta":{"desktop":{"background-color":"var(--ast-global-color-5)","background-image":"","background-repeat":"repeat","background-position":"center center","background-size":"auto","background-attachment":"scroll","background-type":"","background-media":"","overlay-type":"","overlay-color":"","overlay-opacity":"","overlay-gradient":""},"tablet":{"background-color":"var(--ast-global-color-5)","background-image":"","background-repeat":"repeat","background-position":"center center","background-size":"auto","background-attachment":"scroll","background-type":"","background-media":"","overlay-type":"","overlay-color":"","overlay-opacity":"","overlay-gradient":""},"mobile":{"background-color":"var(--ast-global-color-5)","background-image":"","background-repeat":"repeat","background-position":"center center","background-size":"auto","background-attachment":"scroll","background-type":"","background-media":"","overlay-type":"","overlay-color":"","overlay-opacity":"","overlay-gradient":""}}},"product_brand":[],"product_cat":[40],"product_tag":[],"class_list":{"0":"post-2703","1":"product","2":"type-product","3":"status-publish","4":"has-post-thumbnail","6":"product_cat-planches-a-decouper","7":"desktop-align-left","8":"tablet-align-left","9":"mobile-align-left","11":"first","12":"outofstock","13":"taxable","14":"shipping-taxable","15":"product-type-simple"},"uagb_featured_image_src":{"full":["https:\/\/dev.boards-beans.com\/wp-content\/uploads\/2024\/07\/serving-board-round-3830N-scaled.jpg",2560,2560,false],"thumbnail":["https:\/\/dev.boards-beans.com\/wp-content\/uploads\/2024\/07\/serving-board-round-3830N-150x150.jpg",150,150,true],"medium":["https:\/\/dev.boards-beans.com\/wp-content\/uploads\/2024\/07\/serving-board-round-3830N-300x300.jpg",300,300,true],"medium_large":["https:\/\/dev.boards-beans.com\/wp-content\/uploads\/2024\/07\/serving-board-round-3830N-768x768.jpg",768,768,true],"large":["https:\/\/dev.boards-beans.com\/wp-content\/uploads\/2024\/07\/serving-board-round-3830N-1024x1024.jpg",1024,1024,true],"1536x1536":["https:\/\/dev.boards-beans.com\/wp-content\/uploads\/2024\/07\/serving-board-round-3830N-1536x1536.jpg",1536,1536,true],"2048x2048":["https:\/\/dev.boards-beans.com\/wp-content\/uploads\/2024\/07\/serving-board-round-3830N-2048x2048.jpg",2048,2048,true],"woocommerce_thumbnail":["https:\/\/dev.boards-beans.com\/wp-content\/uploads\/2024\/07\/serving-board-round-3830N-scaled-800x800.jpg",800,800,true],"woocommerce_single":["https:\/\/dev.boards-beans.com\/wp-content\/uploads\/2024\/07\/serving-board-round-3830N-scaled-800x800.jpg",800,800,true],"woocommerce_gallery_thumbnail":["https:\/\/dev.boards-beans.com\/wp-content\/uploads\/2024\/07\/serving-board-round-3830N-scaled-100x100.jpg",100,100,true]},"uagb_author_info":{"display_name":"boardsbeans","author_link":"https:\/\/dev.boards-beans.com\/fr\/author\/"},"uagb_comment_info":0,"uagb_excerpt":"Cette planche \u00e0 servir en bois a des dimensions de 38 x 30 cm, ce qui la rend id\u00e9ale pour toutes les occasions. Elle est fabriqu\u00e9e en bois de h\u00eatre de premi\u00e8re qualit\u00e9 et le rev\u00eatement \u00e0 l\u2019huile rehausse sa beaut\u00e9 naturelle, pour un minimum d\u2019entretien.","_links":{"self":[{"href":"https:\/\/dev.boards-beans.com\/fr\/wp-json\/wp\/v2\/product\/2703","targetHints":{"allow":["GET"]}}],"collection":[{"href":"https:\/\/dev.boards-beans.com\/fr\/wp-json\/wp\/v2\/product"}],"about":[{"href":"https:\/\/dev.boards-beans.com\/fr\/wp-json\/wp\/v2\/types\/product"}],"wp:featuredmedia":[{"embeddable":true,"href":"https:\/\/dev.boards-beans.com\/fr\/wp-json\/wp\/v2\/media\/3272"}],"wp:attachment":[{"href":"https:\/\/dev.boards-beans.com\/fr\/wp-json\/wp\/v2\/media?parent=2703"}],"wp:term":[{"taxonomy":"product_brand","embeddable":true,"href":"https:\/\/dev.boards-beans.com\/fr\/wp-json\/wp\/v2\/product_brand?post=2703"},{"taxonomy":"product_cat","embeddable":true,"href":"https:\/\/dev.boards-beans.com\/fr\/wp-json\/wp\/v2\/product_cat?post=2703"},{"taxonomy":"product_tag","embeddable":true,"href":"https:\/\/dev.boards-beans.com\/fr\/wp-json\/wp\/v2\/product_tag?post=2703"}],"curies":[{"name":"wp","href":"https:\/\/api.w.org\/{rel}","templated":true}]}}