{"id":2789,"date":"2024-05-31T16:47:29","date_gmt":"2024-05-31T14:47:29","guid":{"rendered":"https:\/\/dev.boards-beans.com\/?page_id=2789"},"modified":"2024-05-31T17:05:23","modified_gmt":"2024-05-31T15:05:23","slug":"mentions-legales","status":"publish","type":"page","link":"https:\/\/dev.boards-beans.com\/fr\/mentions-legales\/","title":{"rendered":"Mentions l\u00e9gales"},"content":{"rendered":"\n<p><strong>Informations sur l&rsquo;entreprise:<\/strong><\/p>\n\n\n\n<p>Nom de l&rsquo;entreprise: Boards &amp; Beans<br>Adresse: Verdiweg 671, 3816 KW Amersfoort, Pays-Bas<br>Num\u00e9ro de t\u00e9l\u00e9phone: +31 (0)33 234 0999<br>Adresse e-mail: info@boards-beans.com<br>Site web: www.boards-beans.com<\/p>\n\n\n\n<p><strong>Repr\u00e9sent\u00e9 par:<\/strong><\/p>\n\n\n\n<p>Propri\u00e9taire: Quincy van der Ree<\/p>\n\n\n\n<p><strong>Enregistrement:<\/strong><\/p>\n\n\n\n<p>Chambre de Commerce: 82195757<br>Num\u00e9ro de TVA: NL003652487B20<\/p>\n\n\n\n<p><strong>Informations de contact pour le march\u00e9 fran\u00e7ais:<\/strong><\/p>\n\n\n\n<p>Service client fran\u00e7ais: +31 33 234 0 999<br>Adresse e-mail: info@boards-beans.com<\/p>\n\n\n\n<p><strong>Coordonn\u00e9es bancaires:<\/strong><\/p>\n\n\n\n<p>Banque: Rabobank<br>IBAN: NL28 RABO 0365 8876 25<br>BIC\/SWIFT: RABONL2U<\/p>\n\n\n\n<p><strong>H\u00e9bergement du site web:<\/strong><\/p>\n\n\n\n<p>Nom de l&rsquo;h\u00e9bergeur: Mijn.host<br>Adresse de l&rsquo;h\u00e9bergeur: Pietersbergweg 291, 1105 BM Amsterdam, Pays-Bas<br>Adresse e-mail de l&rsquo;h\u00e9bergeur: support@mijn.host<\/p>\n\n\n\n<p><strong>Responsabilit\u00e9 pour le contenu:<\/strong><\/p>\n\n\n\n<p>Le contenu de nos pages a \u00e9t\u00e9 cr\u00e9\u00e9 avec le plus grand soin. Nous ne pouvons toutefois garantir l&rsquo;exactitude, l&rsquo;exhaustivit\u00e9 ou l&rsquo;actualit\u00e9 du contenu. En tant que prestataire de services, nous sommes responsables de notre propre contenu sur ces pages conform\u00e9ment aux lois g\u00e9n\u00e9rales en vertu de l&rsquo;article 6 de la loi n\u00b0 2004-575 du 21 juin 2004 pour la confiance dans l&rsquo;\u00e9conomie num\u00e9rique. Cependant, selon les articles 6-1 et suivants de cette loi, nous ne sommes pas oblig\u00e9s de surveiller les informations tierces transmises ou stock\u00e9es ni de rechercher des circonstances indiquant une activit\u00e9 ill\u00e9gale. Les obligations de supprimer ou de bloquer l&rsquo;utilisation d&rsquo;informations en vertu des lois g\u00e9n\u00e9rales restent inchang\u00e9es. Toute responsabilit\u00e9 \u00e0 cet \u00e9gard n&rsquo;est toutefois possible qu&rsquo;\u00e0 partir du moment de la connaissance d&rsquo;une infraction sp\u00e9cifique. D\u00e8s la prise de connaissance de telles violations, nous supprimerons imm\u00e9diatement ce contenu.<\/p>\n\n\n\n<p><strong>Responsabilit\u00e9 pour les liens:<\/strong><\/p>\n\n\n\n<p>Notre offre contient des liens vers des sites web externes de tiers, sur le contenu desquels nous n&rsquo;avons aucune influence. Par cons\u00e9quent, nous ne pouvons assumer aucune responsabilit\u00e9 pour ces contenus externes. Le fournisseur ou l&rsquo;op\u00e9rateur des pages li\u00e9es est toujours responsable du contenu des pages li\u00e9es. Les pages li\u00e9es ont \u00e9t\u00e9 v\u00e9rifi\u00e9es pour d&rsquo;\u00e9ventuelles violations l\u00e9gales au moment de la liaison. Aucun contenu ill\u00e9gal n&rsquo;\u00e9tait reconnaissable au moment de la liaison. Un contr\u00f4le permanent du contenu des pages li\u00e9es n&rsquo;est cependant pas raisonnable sans indications concr\u00e8tes d&rsquo;une infraction. D\u00e8s la prise de connaissance de violations l\u00e9gales, nous supprimerons imm\u00e9diatement ces liens.<\/p>\n\n\n\n<p><strong>Droits d&rsquo;auteur:<\/strong><\/p>\n\n\n\n<p>Les contenus et \u0153uvres cr\u00e9\u00e9s par les op\u00e9rateurs de ces pages sont soumis au droit d&rsquo;auteur n\u00e9erlandais. La reproduction, la modification, la distribution et toute forme d&rsquo;exploitation en dehors des limites du droit d&rsquo;auteur n\u00e9cessitent l&rsquo;autorisation \u00e9crite de l&rsquo;auteur ou du cr\u00e9ateur respectif. Les t\u00e9l\u00e9chargements et les copies de cette page ne sont autoris\u00e9s que pour un usage priv\u00e9 et non commercial. Dans la mesure o\u00f9 le contenu de cette page n&rsquo;a pas \u00e9t\u00e9 cr\u00e9\u00e9 par l&rsquo;op\u00e9rateur, les droits d&rsquo;auteur de tiers sont respect\u00e9s. En particulier, les contenus de tiers sont marqu\u00e9s comme tels. Si vous deviez n\u00e9anmoins avoir connaissance d&rsquo;une violation des droits d&rsquo;auteur, nous vous prions de nous en informer. D\u00e8s la prise de connaissance de violations l\u00e9gales, nous supprimerons imm\u00e9diatement ce contenu.<\/p>\n\n\n\n<p><strong>Protection des donn\u00e9es:<\/strong><\/p>\n\n\n\n<p>Pour toute question relative \u00e0 la protection des donn\u00e9es, vous pouvez contacter notre d\u00e9l\u00e9gu\u00e9 \u00e0 la protection des donn\u00e9es \u00e0 l&rsquo;adresse suivante:<br>Adresse e-mail: info@boards-beans.com<\/p>\n\n\n\n<p><strong>R\u00e8glement des litiges:<\/strong><\/p>\n\n\n\n<p>Nous ne sommes ni dispos\u00e9s ni oblig\u00e9s de participer \u00e0 des proc\u00e9dures de r\u00e8glement des litiges devant une commission de conciliation pour les consommateurs.<\/p>\n","protected":false},"excerpt":{"rendered":"<p>Informations sur l&rsquo;entreprise: Nom de l&rsquo;entreprise: Boards &amp; BeansAdresse: Verdiweg 671, 3816 KW Amersfoort, Pays-BasNum\u00e9ro de t\u00e9l\u00e9phone: +31 (0)33 234 0999Adresse e-mail: info@boards-beans.comSite web: www.boards-beans.com Repr\u00e9sent\u00e9 par: Propri\u00e9taire: Quincy van der Ree Enregistrement: Chambre de Commerce: 82195757Num\u00e9ro de TVA: NL003652487B20 Informations de contact pour le march\u00e9 fran\u00e7ais: Service client fran\u00e7ais: +31 33 234 0 999Adresse [&hellip;]<\/p>\n","protected":false},"author":1,"featured_media":0,"parent":0,"menu_order":0,"comment_status":"closed","ping_status":"closed","template":"","meta":{"_uag_custom_page_level_css":"","site-sidebar-layout":"default","site-content-layout":"","ast-site-content-layout":"default","site-content-style":"default","site-sidebar-style":"default","ast-global-header-display":"","ast-banner-title-visibility":"","ast-main-header-display":"","ast-hfb-above-header-display":"","ast-hfb-below-header-display":"","ast-hfb-mobile-header-display":"","site-post-title":"","ast-breadcrumbs-content":"","ast-featured-img":"","footer-sml-layout":"","theme-transparent-header-meta":"","adv-header-id-meta":"","stick-header-meta":"","header-above-stick-meta":"","header-main-stick-meta":"","header-below-stick-meta":"","astra-migrate-meta-layouts":"set","ast-page-background-enabled":"default","ast-page-background-meta":{"desktop":{"background-color":"var(--ast-global-color-4)","background-image":"","background-repeat":"repeat","background-position":"center center","background-size":"auto","background-attachment":"scroll","background-type":"","background-media":"","overlay-type":"","overlay-color":"","overlay-opacity":"","overlay-gradient":""},"tablet":{"background-color":"","background-image":"","background-repeat":"repeat","background-position":"center center","background-size":"auto","background-attachment":"scroll","background-type":"","background-media":"","overlay-type":"","overlay-color":"","overlay-opacity":"","overlay-gradient":""},"mobile":{"background-color":"","background-image":"","background-repeat":"repeat","background-position":"center center","background-size":"auto","background-attachment":"scroll","background-type":"","background-media":"","overlay-type":"","overlay-color":"","overlay-opacity":"","overlay-gradient":""}},"ast-content-background-meta":{"desktop":{"background-color":"var(--ast-global-color-5)","background-image":"","background-repeat":"repeat","background-position":"center center","background-size":"auto","background-attachment":"scroll","background-type":"","background-media":"","overlay-type":"","overlay-color":"","overlay-opacity":"","overlay-gradient":""},"tablet":{"background-color":"var(--ast-global-color-5)","background-image":"","background-repeat":"repeat","background-position":"center center","background-size":"auto","background-attachment":"scroll","background-type":"","background-media":"","overlay-type":"","overlay-color":"","overlay-opacity":"","overlay-gradient":""},"mobile":{"background-color":"var(--ast-global-color-5)","background-image":"","background-repeat":"repeat","background-position":"center center","background-size":"auto","background-attachment":"scroll","background-type":"","background-media":"","overlay-type":"","overlay-color":"","overlay-opacity":"","overlay-gradient":""}},"footnotes":""},"class_list":["post-2789","page","type-page","status-publish","hentry"],"uagb_featured_image_src":{"full":false,"thumbnail":false,"medium":false,"medium_large":false,"large":false,"1536x1536":false,"2048x2048":false,"woocommerce_thumbnail":false,"woocommerce_single":false,"woocommerce_gallery_thumbnail":false},"uagb_author_info":{"display_name":"boardsbeans","author_link":"https:\/\/dev.boards-beans.com\/fr\/author\/boardsbeans\/"},"uagb_comment_info":0,"uagb_excerpt":"Informations sur l&rsquo;entreprise: Nom de l&rsquo;entreprise: Boards &amp; BeansAdresse: Verdiweg 671, 3816 KW Amersfoort, Pays-BasNum\u00e9ro de t\u00e9l\u00e9phone: +31 (0)33 234 0999Adresse e-mail: info@boards-beans.comSite web: www.boards-beans.com Repr\u00e9sent\u00e9 par: Propri\u00e9taire: Quincy van der Ree Enregistrement: Chambre de Commerce: 82195757Num\u00e9ro de TVA: NL003652487B20 Informations de contact pour le march\u00e9 fran\u00e7ais: Service client fran\u00e7ais: +31 33 234 0 999Adresse\u2026","_links":{"self":[{"href":"https:\/\/dev.boards-beans.com\/fr\/wp-json\/wp\/v2\/pages\/2789","targetHints":{"allow":["GET"]}}],"collection":[{"href":"https:\/\/dev.boards-beans.com\/fr\/wp-json\/wp\/v2\/pages"}],"about":[{"href":"https:\/\/dev.boards-beans.com\/fr\/wp-json\/wp\/v2\/types\/page"}],"author":[{"embeddable":true,"href":"https:\/\/dev.boards-beans.com\/fr\/wp-json\/wp\/v2\/users\/1"}],"replies":[{"embeddable":true,"href":"https:\/\/dev.boards-beans.com\/fr\/wp-json\/wp\/v2\/comments?post=2789"}],"version-history":[{"count":0,"href":"https:\/\/dev.boards-beans.com\/fr\/wp-json\/wp\/v2\/pages\/2789\/revisions"}],"wp:attachment":[{"href":"https:\/\/dev.boards-beans.com\/fr\/wp-json\/wp\/v2\/media?parent=2789"}],"curies":[{"name":"wp","href":"https:\/\/api.w.org\/{rel}","templated":true}]}}